{"id":115,"date":"2023-12-04T21:38:05","date_gmt":"2023-12-04T20:38:05","guid":{"rendered":"https:\/\/conciergeriehellebore.com\/?page_id=115"},"modified":"2025-07-13T11:57:36","modified_gmt":"2025-07-13T09:57:36","slug":"contact","status":"publish","type":"page","link":"https:\/\/conciergeriehellebore.com\/index.php\/contact\/","title":{"rendered":"Contact"},"content":{"rendered":"\n<h2 class=\"wp-block-heading has-text-color has-link-color has-large-font-size wp-elements-1188a5cbfb9b999b4bc01b125be9436b\" style=\"color:#b15151\"><strong>Contactez moi !<\/strong><\/h2>\n\n\n\n<p class=\"has-black-color has-text-color has-link-color has-medium-font-size wp-elements-5766a621cdc22c38c237c149fa044d53\"> Par mail \u00e0 l&rsquo;adresse : <a href=\"mailto:caroline@conciergeriehellebore.com\" target=\"_blank\" rel=\"noreferrer noopener\">caroline@conciergeriehellebore.com<\/a><\/p>\n\n\n\n<p class=\"has-black-color has-text-color has-link-color has-medium-font-size wp-elements-d08cf1ab2dd424ccff7324d105a69aa9\">Par t\u00e9l\u00e9phone au 06 46 31 72 78<\/p>\n\n\n\n<p class=\"has-black-color has-text-color has-link-color has-medium-font-size wp-elements-9ea9de3557edab6b4469dff93e6affdc\"><\/p>\n","protected":false},"excerpt":{"rendered":"<p>Contactez moi ! Par mail \u00e0 l&rsquo;adresse : caroline@conciergeriehellebore.com Par t\u00e9l\u00e9phone au 06 46 31 72 78<\/p>\n","protected":false},"author":1,"featured_media":0,"parent":0,"menu_order":0,"comment_status":"closed","ping_status":"closed","template":"","meta":{"footnotes":""},"class_list":["post-115","page","type-page","status-publish","hentry"],"_links":{"self":[{"href":"https:\/\/conciergeriehellebore.com\/index.php\/wp-json\/wp\/v2\/pages\/115","targetHints":{"allow":["GET"]}}],"collection":[{"href":"https:\/\/conciergeriehellebore.com\/index.php\/wp-json\/wp\/v2\/pages"}],"about":[{"href":"https:\/\/conciergeriehellebore.com\/index.php\/wp-json\/wp\/v2\/types\/page"}],"author":[{"embeddable":true,"href":"https:\/\/conciergeriehellebore.com\/index.php\/wp-json\/wp\/v2\/users\/1"}],"replies":[{"embeddable":true,"href":"https:\/\/conciergeriehellebore.com\/index.php\/wp-json\/wp\/v2\/comments?post=115"}],"version-history":[{"count":9,"href":"https:\/\/conciergeriehellebore.com\/index.php\/wp-json\/wp\/v2\/pages\/115\/revisions"}],"predecessor-version":[{"id":352,"href":"https:\/\/conciergeriehellebore.com\/index.php\/wp-json\/wp\/v2\/pages\/115\/revisions\/352"}],"wp:attachment":[{"href":"https:\/\/conciergeriehellebore.com\/index.php\/wp-json\/wp\/v2\/media?parent=115"}],"curies":[{"name":"wp","href":"https:\/\/api.w.org\/{rel}","templated":true}]}}