{"id":136,"date":"2023-12-10T17:45:28","date_gmt":"2023-12-10T16:45:28","guid":{"rendered":"https:\/\/conciergeriehellebore.com\/?page_id=136"},"modified":"2026-01-08T21:14:51","modified_gmt":"2026-01-08T20:14:51","slug":"tarifs-2","status":"publish","type":"page","link":"https:\/\/conciergeriehellebore.com\/index.php\/tarifs-2\/","title":{"rendered":"Tarifs"},"content":{"rendered":"\n<h2 class=\"wp-block-heading has-text-align-center has-text-color has-link-color has-large-font-size wp-elements-e79519403e9fc88dfe6328b5d8be5af6\" style=\"color:#b15151\"><strong>Quelle est ma r\u00e9mun\u00e9ration ?<\/strong><\/h2>\n\n\n\n<div class=\"wp-block-group has-accent-color has-text-color has-link-color wp-elements-aeff93073303f1349894f3a425bb9e9e\"><div class=\"wp-block-group__inner-container is-layout-constrained wp-block-group-is-layout-constrained\">\n<ul class=\"wp-block-list has-black-color has-text-color has-link-color wp-elements-98631cb3239ab33678b322237ca93fcd\">\n<li>Le prix de la r\u00e9mun\u00e9ration de la conciergerie est de 21% ou 25% TTC du montant des nuit\u00e9es (hors frais de service et de m\u00e9nage). Le renouvellement des consommables est inclus. <\/li>\n<\/ul>\n\n\n\n<ul class=\"wp-block-list has-black-color has-text-color has-link-color wp-elements-8c0b00fe62f5038e3d86c187a8c95766\">\n<li>Le forfait m\u00e9nage et linge est factur\u00e9 directement au voyageur (d\u00e9pend de la taille du logement).<\/li>\n<\/ul>\n\n\n\n<figure class=\"wp-block-gallery has-nested-images columns-default is-cropped wp-block-gallery-1 is-layout-flex wp-block-gallery-is-layout-flex\">\n<figure class=\"wp-block-image size-large\"><img loading=\"lazy\" decoding=\"async\" width=\"724\" height=\"1024\" data-id=\"387\" src=\"https:\/\/conciergeriehellebore.com\/wp-content\/uploads\/2026\/01\/Flyer-contrat-724x1024.png\" alt=\"\" class=\"wp-image-387\" srcset=\"https:\/\/conciergeriehellebore.com\/wp-content\/uploads\/2026\/01\/Flyer-contrat-724x1024.png 724w, https:\/\/conciergeriehellebore.com\/wp-content\/uploads\/2026\/01\/Flyer-contrat-212x300.png 212w, https:\/\/conciergeriehellebore.com\/wp-content\/uploads\/2026\/01\/Flyer-contrat-768x1086.png 768w, https:\/\/conciergeriehellebore.com\/wp-content\/uploads\/2026\/01\/Flyer-contrat-1086x1536.png 1086w, https:\/\/conciergeriehellebore.com\/wp-content\/uploads\/2026\/01\/Flyer-contrat-600x849.png 600w, https:\/\/conciergeriehellebore.com\/wp-content\/uploads\/2026\/01\/Flyer-contrat.png 1414w\" sizes=\"auto, (max-width: 724px) 100vw, 724px\" \/><\/figure>\n<\/figure>\n<\/div><\/div>\n\n\n\n<h2 class=\"wp-block-heading has-text-align-center has-text-color has-link-color has-large-font-size wp-elements-2ec5a22d1ff7a0f462c5c3b0107fc753\" style=\"color:#b15151\"><strong>Pourquoi choisir de louer son appartement via Airbnb ?<\/strong><\/h2>\n\n\n\n<ul class=\"wp-block-list has-black-color has-text-color has-link-color wp-elements-5a77c701d235d28c21eecb37d6358e33\">\n<li>Le tarif \u00e9tant fix\u00e9 \u00e0 la nuit\u00e9e, un appartement lou\u00e9 en meubl\u00e9 touristique peut rapporter entre 50 et 100 % de plus que le m\u00eame appartement en location \u00e0 l&rsquo;ann\u00e9e. Prenons l&rsquo;exemple d&rsquo;un appartement \u00e0 Lens avec 2 chambres, qui pourrait se louer environ 700 ou 750 \u20ac par mois. En fixant la nuit \u00e0 60 \u20ac, ce logement permet de rapporter 1800 \u20ac maximum par mois. Si on consid\u00e8re qu&rsquo;il ne sera pas toujours lou\u00e9, avec un taux d&rsquo;occupation de 75 % il permet n\u00e9anmoins de rapporter 1350 \u20ac par mois \u00e0 son propri\u00e9taire. Les charges sont certes plus \u00e9lev\u00e9es, mais elles sont compens\u00e9es par les revenus plus importants. Voici une simulation \u00e0 l&rsquo;ann\u00e9e pour un logement <strong>frais de conciergerie inclus<\/strong> : <\/li>\n<\/ul>\n\n\n\n<figure class=\"wp-block-gallery has-nested-images columns-default is-cropped wp-block-gallery-2 is-layout-flex wp-block-gallery-is-layout-flex\">\n<figure class=\"wp-block-image size-large\"><img loading=\"lazy\" decoding=\"async\" width=\"600\" height=\"371\" data-id=\"248\" src=\"https:\/\/conciergeriehellebore.com\/wp-content\/uploads\/2024\/01\/Airbnb-et-Meuble.png\" alt=\"\" class=\"wp-image-248\" srcset=\"https:\/\/conciergeriehellebore.com\/wp-content\/uploads\/2024\/01\/Airbnb-et-Meuble.png 600w, https:\/\/conciergeriehellebore.com\/wp-content\/uploads\/2024\/01\/Airbnb-et-Meuble-300x186.png 300w\" sizes=\"auto, (max-width: 600px) 100vw, 600px\" \/><\/figure>\n<\/figure>\n\n\n\n<p class=\"has-text-align-center has-text-color has-link-color wp-elements-d99c2df9e58c3f9bf8c6e59e815b777a\" style=\"color:#b15151\"><strong>N&rsquo;h\u00e9sitez pas \u00e0 me contacter pour une simulation personnalis\u00e9e !<\/strong><\/p>\n\n\n\n<ul class=\"wp-block-list has-black-color has-text-color has-link-color wp-elements-69de425229c9d5263e00aca9cf595f9d\">\n<li>Vous n&rsquo;avez pas de risque d&rsquo;impay\u00e9 car les locataires r\u00e8glent leur s\u00e9jour avant leur arriv\u00e9e. <\/li>\n<\/ul>\n\n\n\n<ul class=\"wp-block-list has-black-color has-text-color has-link-color wp-elements-280eb9b4c42168402015b2b7d309311f\">\n<li>En cas de d\u00e9t\u00e9rioration, une proc\u00e9dure de litige est engag\u00e9e avec le locataire via la plateforme Airbnb. La conciergerie dispose de toutes les photos avant\/apr\u00e8s et fournit si besoin les devis ou les factures de bien \u00e0 racheter ou \u00e0 r\u00e9parer ou du m\u00e9nage suppl\u00e9mentaire engendr\u00e9. L&rsquo;assurance Airbnb AirCover offre aux h\u00f4tes une&nbsp;<strong>protection contre les dommages<\/strong>&nbsp;allant jusqu\u2019\u00e0 1 million d\u2019euros et une&nbsp;<strong>protection de la responsabilit\u00e9 civile<\/strong>&nbsp;allant jusqu\u2019\u00e0 \u00e9galement 1 million d\u2019euros.<\/li>\n<\/ul>\n\n\n\n<ul class=\"wp-block-list has-black-color has-text-color has-link-color wp-elements-6b7f746400c4a728295a597a046f0239\">\n<li>Enfin, une fiscalit\u00e9 avantageuse permet de b\u00e9n\u00e9ficier d&rsquo;un abattement forfaitaire de 50 % sur les revenus locatifs.<\/li>\n<\/ul>\n","protected":false},"excerpt":{"rendered":"<p>Quelle est ma r\u00e9mun\u00e9ration ? Pourquoi choisir de louer son appartement via Airbnb ? N&rsquo;h\u00e9sitez pas \u00e0 me contacter pour une simulation personnalis\u00e9e !<\/p>\n","protected":false},"author":1,"featured_media":39,"parent":0,"menu_order":0,"comment_status":"closed","ping_status":"closed","template":"","meta":{"footnotes":""},"class_list":["post-136","page","type-page","status-publish","has-post-thumbnail","hentry"],"_links":{"self":[{"href":"https:\/\/conciergeriehellebore.com\/index.php\/wp-json\/wp\/v2\/pages\/136","targetHints":{"allow":["GET"]}}],"collection":[{"href":"https:\/\/conciergeriehellebore.com\/index.php\/wp-json\/wp\/v2\/pages"}],"about":[{"href":"https:\/\/conciergeriehellebore.com\/index.php\/wp-json\/wp\/v2\/types\/page"}],"author":[{"embeddable":true,"href":"https:\/\/conciergeriehellebore.com\/index.php\/wp-json\/wp\/v2\/users\/1"}],"replies":[{"embeddable":true,"href":"https:\/\/conciergeriehellebore.com\/index.php\/wp-json\/wp\/v2\/comments?post=136"}],"version-history":[{"count":24,"href":"https:\/\/conciergeriehellebore.com\/index.php\/wp-json\/wp\/v2\/pages\/136\/revisions"}],"predecessor-version":[{"id":390,"href":"https:\/\/conciergeriehellebore.com\/index.php\/wp-json\/wp\/v2\/pages\/136\/revisions\/390"}],"wp:featuredmedia":[{"embeddable":true,"href":"https:\/\/conciergeriehellebore.com\/index.php\/wp-json\/wp\/v2\/media\/39"}],"wp:attachment":[{"href":"https:\/\/conciergeriehellebore.com\/index.php\/wp-json\/wp\/v2\/media?parent=136"}],"curies":[{"name":"wp","href":"https:\/\/api.w.org\/{rel}","templated":true}]}}