{"id":185,"date":"2023-12-11T19:18:41","date_gmt":"2023-12-11T18:18:41","guid":{"rendered":"https:\/\/conciergeriehellebore.com\/?page_id=185"},"modified":"2025-12-07T22:30:04","modified_gmt":"2025-12-07T21:30:04","slug":"qui-suis-je","status":"publish","type":"page","link":"https:\/\/conciergeriehellebore.com\/index.php\/qui-suis-je\/","title":{"rendered":"Qui suis-je ?"},"content":{"rendered":"\n<h2 class=\"wp-block-heading has-text-align-center has-text-color has-link-color has-large-font-size wp-elements-33eedddb6ccf57557939615d0f28dbd8\" style=\"color:#b15151\">Pr\u00e9sentation personnelle<\/h2>\n\n\n\n<div class=\"wp-block-columns is-layout-flex wp-container-core-columns-is-layout-9d6595d7 wp-block-columns-is-layout-flex\">\n<div class=\"wp-block-column is-layout-flow wp-block-column-is-layout-flow\">\n<figure class=\"wp-block-image size-large is-resized\"><img loading=\"lazy\" decoding=\"async\" width=\"750\" height=\"1024\" src=\"https:\/\/conciergeriehellebore.com\/wp-content\/uploads\/2024\/11\/IMG_20220412_090648-1-750x1024.jpg\" alt=\"\" class=\"wp-image-335\" style=\"width:330px;height:auto\" srcset=\"https:\/\/conciergeriehellebore.com\/wp-content\/uploads\/2024\/11\/IMG_20220412_090648-1-750x1024.jpg 750w, https:\/\/conciergeriehellebore.com\/wp-content\/uploads\/2024\/11\/IMG_20220412_090648-1-220x300.jpg 220w, https:\/\/conciergeriehellebore.com\/wp-content\/uploads\/2024\/11\/IMG_20220412_090648-1-768x1048.jpg 768w, https:\/\/conciergeriehellebore.com\/wp-content\/uploads\/2024\/11\/IMG_20220412_090648-1-600x819.jpg 600w, https:\/\/conciergeriehellebore.com\/wp-content\/uploads\/2024\/11\/IMG_20220412_090648-1.jpg 956w\" sizes=\"auto, (max-width: 750px) 100vw, 750px\" \/><\/figure>\n<\/div>\n\n\n\n<div class=\"wp-block-column is-layout-flow wp-block-column-is-layout-flow\">\n<p><\/p>\n\n\n\n<p class=\"has-black-color has-text-color has-link-color wp-elements-706af4f19fd44d0756cc983bf7e2f6e6\">Habitu\u00e9e \u00e0 g\u00e9rer des biens personnels via la plateforme Airbnb, je suis rigoureuse et disponible ; j&rsquo;ai fond\u00e9 mon entreprise de conciergerie en janvier 2024 afin de vous faire b\u00e9n\u00e9ficier de mon exp\u00e9rience r\u00e9ussie en mati\u00e8re de location de meubl\u00e9 touristique. Je suis organis\u00e9e et j&rsquo;ai des comp\u00e9tences en gestion et logistique. Connect\u00e9e et r\u00e9active, je suis r\u00e9guli\u00e8rement en contact r\u00e9el avec les locataires pour r\u00e9pondre \u00e0 leurs questions et leurs besoins.<\/p>\n\n\n\n<p class=\"has-black-color has-text-color has-link-color wp-elements-91e8e4376ba0bcdb665c84ca20bb7d36\">J&rsquo;appr\u00e9cie aussi les relations avec les propri\u00e9taires et je m&rsquo;adapte \u00e0 leurs besoins. Je communique r\u00e9guli\u00e8rement avec eux \u00e0 propos de leurs biens et de leurs projets. <\/p>\n\n\n\n<p class=\"has-black-color has-text-color has-link-color wp-elements-b9053c1f3a1ca1f678a0b1e43784f2d5\">Je g\u00e8re 26 logements actuellement et je suis superh\u00f4te sur Airbnb. Je mets tout en \u0153uvre pour que mes annonces obtiennent le \u00ab\u00a0Coup de c\u0153ur voyageurs\u00a0\u00bb et soient ainsi en premi\u00e8re page de r\u00e9f\u00e9rencement sur Airbnb.<\/p>\n\n\n\n<p class=\"has-black-color has-text-color has-link-color wp-elements-9ac00cf961d1ea846fe5a532228b76c6\"><\/p>\n<\/div>\n<\/div>\n\n\n\n<p class=\"has-text-align-left has-black-color has-text-color has-link-color wp-elements-07d4dd04d51ecf758689c61087cb35e6\">Des partenaires, en qui j&rsquo;ai toute confiance, s&rsquo;impliquent pour vous assurer une propret\u00e9 impeccable du logement et de la literie ainsi que des interventions rapides en cas d&rsquo;incident ou de petites r\u00e9parations occasionnelles. Pour les maisons, je peux vous proposer les services d&rsquo;entreprises d&rsquo;entretien des espaces verts, d&rsquo;\u00e9co p\u00e2turage, de plombier chauffagiste et de ramonage.<\/p>\n\n\n\n<p class=\"has-text-align-left has-black-color has-text-color has-link-color wp-elements-c070a49cf8927052bbc1398aa0d41226\">J&rsquo;ai \u00e9t\u00e9 enseignante dans le secondaire durant 25 ans et cette activit\u00e9 a cess\u00e9 en juillet 2025. Je me consacre d\u00e9sormais uniquement \u00e0 la conciergerie. Je souhaite limiter le nombre de logements dont je m&rsquo;occupe afin d&rsquo;\u00eatre fortement impliqu\u00e9e et de garder aussi une qualit\u00e9 de vie me permettant d&rsquo;\u00eatre \u00e9panouie et de m&rsquo;impliquer au niveau associatif dans l&rsquo;\u00e9cologie et la protection animale.<\/p>\n\n\n\n<p class=\"has-text-align-center has-black-color has-text-color has-link-color wp-elements-31ef8a46bf82daa30dab4b6adf99fd54\"><\/p>\n","protected":false},"excerpt":{"rendered":"<p>Pr\u00e9sentation personnelle Habitu\u00e9e \u00e0 g\u00e9rer des biens personnels via la plateforme Airbnb, je suis rigoureuse et disponible ; j&rsquo;ai fond\u00e9 mon entreprise de conciergerie en janvier 2024 afin de vous faire b\u00e9n\u00e9ficier de mon exp\u00e9rience r\u00e9ussie en mati\u00e8re de location de meubl\u00e9 touristique. Je suis organis\u00e9e et j&rsquo;ai des comp\u00e9tences [&hellip;]<\/p>\n","protected":false},"author":1,"featured_media":0,"parent":0,"menu_order":0,"comment_status":"closed","ping_status":"closed","template":"","meta":{"footnotes":""},"class_list":["post-185","page","type-page","status-publish","hentry"],"_links":{"self":[{"href":"https:\/\/conciergeriehellebore.com\/index.php\/wp-json\/wp\/v2\/pages\/185","targetHints":{"allow":["GET"]}}],"collection":[{"href":"https:\/\/conciergeriehellebore.com\/index.php\/wp-json\/wp\/v2\/pages"}],"about":[{"href":"https:\/\/conciergeriehellebore.com\/index.php\/wp-json\/wp\/v2\/types\/page"}],"author":[{"embeddable":true,"href":"https:\/\/conciergeriehellebore.com\/index.php\/wp-json\/wp\/v2\/users\/1"}],"replies":[{"embeddable":true,"href":"https:\/\/conciergeriehellebore.com\/index.php\/wp-json\/wp\/v2\/comments?post=185"}],"version-history":[{"count":21,"href":"https:\/\/conciergeriehellebore.com\/index.php\/wp-json\/wp\/v2\/pages\/185\/revisions"}],"predecessor-version":[{"id":383,"href":"https:\/\/conciergeriehellebore.com\/index.php\/wp-json\/wp\/v2\/pages\/185\/revisions\/383"}],"wp:attachment":[{"href":"https:\/\/conciergeriehellebore.com\/index.php\/wp-json\/wp\/v2\/media?parent=185"}],"curies":[{"name":"wp","href":"https:\/\/api.w.org\/{rel}","templated":true}]}}