{"id":61,"date":"2023-11-30T18:44:30","date_gmt":"2023-11-30T17:44:30","guid":{"rendered":"https:\/\/conciergeriehellebore.com\/?page_id=61"},"modified":"2025-10-22T17:23:18","modified_gmt":"2025-10-22T15:23:18","slug":"localisation-des-biens-geres-par-la-conciergerie-hellebore","status":"publish","type":"page","link":"https:\/\/conciergeriehellebore.com\/index.php\/localisation-des-biens-geres-par-la-conciergerie-hellebore\/","title":{"rendered":"Localisation des biens"},"content":{"rendered":"\n<h2 class=\"wp-block-heading has-text-align-center has-text-color has-link-color has-large-font-size wp-elements-116a2b03ef531e9e96da3a6629a2d981\" style=\"color:#b15151\">Quel est mon rayon d&rsquo;intervention ?<\/h2>\n\n\n\n<p class=\"has-text-align-center has-black-color has-text-color has-link-color wp-elements-cef169cb4da23ceabb036ec00a63842b\">Les biens g\u00e9r\u00e9s par la Conciergerie Hell\u00e9bore se situent du sud de Lille \u00e0 Arras. Les grandes villes concern\u00e9es sont Arras, Lens, Douai, H\u00e9nin-Beaumont, La Bass\u00e9e, Carvin, Seclin&#8230; mais aussi toutes les petites villes du secteur, dans un rayon de 30 min autour de chez moi.<\/p>\n\n\n\n<p class=\"has-text-align-center has-black-color has-text-color has-link-color wp-elements-1d4899304952298183ecbb091811b5fa\">Je g\u00e8re actuellement 24 annonces (21 logements car certaines annonces regroupent des logements jumeaux). Un grand nombre sont \u00ab\u00a0Coup de c\u0153ur voyageurs\u00a0\u00bb leur assurant une place en 1\u00e8re page de recherches sur Airbnb.<\/p>\n\n\n\n<p class=\"has-text-align-center has-black-color has-text-color has-link-color wp-elements-89d023651947407c2c74bc3ada0ec5b2\">Etant domicili\u00e9e \u00e0 proximit\u00e9 de Carvin, je suis dans un emplacement id\u00e9al pour me rendre r\u00e9guli\u00e8rement dans les logements afin de contr\u00f4ler leur \u00e9tat et r\u00e9approvisionner les stocks. En cas d&rsquo;urgence, \u00e0 la demande du locataire ou du propri\u00e9taire, je peux aussi me d\u00e9placer rapidement sur place.<\/p>\n\n\n<div class=\"wp-block-image is-style-default\">\n<figure class=\"aligncenter size-full\"><img loading=\"lazy\" decoding=\"async\" width=\"550\" height=\"483\" src=\"https:\/\/conciergeriehellebore.com\/wp-content\/uploads\/2025\/10\/localisation.jpg\" alt=\"\" class=\"wp-image-365\" srcset=\"https:\/\/conciergeriehellebore.com\/wp-content\/uploads\/2025\/10\/localisation.jpg 550w, https:\/\/conciergeriehellebore.com\/wp-content\/uploads\/2025\/10\/localisation-300x263.jpg 300w\" sizes=\"auto, (max-width: 550px) 100vw, 550px\" \/><\/figure>\n<\/div>\n\n\n<p class=\"has-text-align-center has-white-color has-text-color has-link-color wp-elements-f5dfffb127036101f35236bac8abbd0b\">Habitant \u00e0 proximit\u00e9 de Carvin, je suis dans une position centrale pour me rendre de fa\u00e7on r\u00e9guli\u00e8re dans les logements g\u00e9r\u00e9s afin de pouvoir contr\u00f4ler leur \u00e9tat et r\u00e9approvisionner les stocks de consommables. Je peux aussi me rendre rapidement sur place en cas d&rsquo;urgence \u00e0 la demande du locataire ou du propri\u00e9taires.<\/p>\n","protected":false},"excerpt":{"rendered":"<p>Quel est mon rayon d&rsquo;intervention ? Les biens g\u00e9r\u00e9s par la Conciergerie Hell\u00e9bore se situent du sud de Lille \u00e0 Arras. Les grandes villes concern\u00e9es sont Arras, Lens, Douai, H\u00e9nin-Beaumont, La Bass\u00e9e, Carvin, Seclin&#8230; mais aussi toutes les petites villes du secteur, dans un rayon de 30 min autour de [&hellip;]<\/p>\n","protected":false},"author":1,"featured_media":0,"parent":0,"menu_order":0,"comment_status":"closed","ping_status":"closed","template":"","meta":{"footnotes":""},"class_list":["post-61","page","type-page","status-publish","hentry"],"_links":{"self":[{"href":"https:\/\/conciergeriehellebore.com\/index.php\/wp-json\/wp\/v2\/pages\/61","targetHints":{"allow":["GET"]}}],"collection":[{"href":"https:\/\/conciergeriehellebore.com\/index.php\/wp-json\/wp\/v2\/pages"}],"about":[{"href":"https:\/\/conciergeriehellebore.com\/index.php\/wp-json\/wp\/v2\/types\/page"}],"author":[{"embeddable":true,"href":"https:\/\/conciergeriehellebore.com\/index.php\/wp-json\/wp\/v2\/users\/1"}],"replies":[{"embeddable":true,"href":"https:\/\/conciergeriehellebore.com\/index.php\/wp-json\/wp\/v2\/comments?post=61"}],"version-history":[{"count":19,"href":"https:\/\/conciergeriehellebore.com\/index.php\/wp-json\/wp\/v2\/pages\/61\/revisions"}],"predecessor-version":[{"id":370,"href":"https:\/\/conciergeriehellebore.com\/index.php\/wp-json\/wp\/v2\/pages\/61\/revisions\/370"}],"wp:attachment":[{"href":"https:\/\/conciergeriehellebore.com\/index.php\/wp-json\/wp\/v2\/media?parent=61"}],"curies":[{"name":"wp","href":"https:\/\/api.w.org\/{rel}","templated":true}]}}